{"id":1820,"date":"2025-05-29T17:56:18","date_gmt":"2025-05-29T17:56:18","guid":{"rendered":"https:\/\/camping-resorts.auremagroup.com\/producto\/1pc-llavero-de-acero-inoxidable-con-grabado-en-espanol-y-dije-de-pina-adornado-con-pedreria-inscripcion-la-vida-sin-amigos-es-como-con-mas-amigos-regalo-ideal-de-amistad-o-cumpleanos-para-h\/"},"modified":"2025-05-29T17:56:25","modified_gmt":"2025-05-29T17:56:25","slug":"1pc-llavero-de-acero-inoxidable-con-grabado-en-espanol-y-dije-de-pina-adornado-con-pedreria-inscripcion-la-vida-sin-amigos-es-como-con-mas-amigos-regalo-ideal-de-amistad-o-cumpleanos-para-h","status":"publish","type":"product","link":"https:\/\/camping-resorts.auremagroup.com\/es\/producto\/1pc-llavero-de-acero-inoxidable-con-grabado-en-espanol-y-dije-de-pina-adornado-con-pedreria-inscripcion-la-vida-sin-amigos-es-como-con-mas-amigos-regalo-ideal-de-amistad-o-cumpleanos-para-h\/","title":{"rendered":"1pc Llavero de Acero Inoxidable con Grabado en Espa\u00f1ol y Dije de Pi\u00f1a Adornado con Pedrer\u00eda &#8211; Inscripci\u00f3n \u00abLa Vida sin Amigos es Como&#8230; Con M\u00e1s Amigos\u00bb &#8211; Regalo Ideal de Amistad o Cumplea\u00f1os para Hombres, Mejor Amigo"},"content":{"rendered":"<p><img decoding=\"async\" src=\"https:\/\/img.kwcdn.com\/product\/fancy\/97937183-efd4-424f-8c55-659811112040.jpg\"><img decoding=\"async\" src=\"https:\/\/img.kwcdn.com\/product\/fancy\/099ee6e4-a0c8-4f60-b754-eca03019092c.jpg\"><img decoding=\"async\" src=\"https:\/\/img.kwcdn.com\/product\/fancy\/8eadbebd-d438-47f6-9369-fb7cc029b30a.jpg\"><img decoding=\"async\" src=\"https:\/\/img.kwcdn.com\/product\/fancy\/a8b81ee4-bd00-4a4c-9d22-26a205f9ab59.jpg\"><img decoding=\"async\" src=\"https:\/\/img.kwcdn.com\/product\/fancy\/ab7cabee-b7a1-484f-adb7-eeb34b38a47d.jpg\"><img decoding=\"async\" src=\"https:\/\/img.kwcdn.com\/product\/fancy\/c923c058-3b2a-4d2d-a7d5-8b6ef446df03.jpg\"><img decoding=\"async\" src=\"https:\/\/img.kwcdn.com\/product\/fancy\/fe5ae3d0-29b5-426a-b03a-23fc6f2b709b.jpg\"><\/p>\n","protected":false},"excerpt":{"rendered":"","protected":false},"featured_media":1811,"comment_status":"open","ping_status":"closed","template":"","meta":[],"product_brand":[],"product_cat":[43],"product_tag":[176,181,192,185,187,188,186,189,179,178,190,177,183,191,182,180,184],"class_list":{"0":"post-1820","1":"product","2":"type-product","3":"status-publish","4":"has-post-thumbnail","6":"product_cat-sin-categorizar","7":"product_tag-acero","8":"product_tag-adornado","9":"product_tag-amigo","10":"product_tag-amigos","11":"product_tag-amigos-2","12":"product_tag-amistad","13":"product_tag-como","14":"product_tag-cumpleanos","15":"product_tag-dije","16":"product_tag-grabado","17":"product_tag-hombres-2","18":"product_tag-inoxidable","19":"product_tag-inscripcion","20":"product_tag-mejor","21":"product_tag-pedreria","22":"product_tag-pina","23":"product_tag-vida","26":"instock","27":"shipping-taxable","28":"purchasable","29":"product-type-variable","30":"product-grid-view"},"_links":{"self":[{"href":"https:\/\/camping-resorts.auremagroup.com\/es\/wp-json\/wp\/v2\/product\/1820","targetHints":{"allow":["GET"]}}],"collection":[{"href":"https:\/\/camping-resorts.auremagroup.com\/es\/wp-json\/wp\/v2\/product"}],"about":[{"href":"https:\/\/camping-resorts.auremagroup.com\/es\/wp-json\/wp\/v2\/types\/product"}],"replies":[{"embeddable":true,"href":"https:\/\/camping-resorts.auremagroup.com\/es\/wp-json\/wp\/v2\/comments?post=1820"}],"wp:featuredmedia":[{"embeddable":true,"href":"https:\/\/camping-resorts.auremagroup.com\/es\/wp-json\/wp\/v2\/media\/1811"}],"wp:attachment":[{"href":"https:\/\/camping-resorts.auremagroup.com\/es\/wp-json\/wp\/v2\/media?parent=1820"}],"wp:term":[{"taxonomy":"product_brand","embeddable":true,"href":"https:\/\/camping-resorts.auremagroup.com\/es\/wp-json\/wp\/v2\/product_brand?post=1820"},{"taxonomy":"product_cat","embeddable":true,"href":"https:\/\/camping-resorts.auremagroup.com\/es\/wp-json\/wp\/v2\/product_cat?post=1820"},{"taxonomy":"product_tag","embeddable":true,"href":"https:\/\/camping-resorts.auremagroup.com\/es\/wp-json\/wp\/v2\/product_tag?post=1820"}],"curies":[{"name":"wp","href":"https:\/\/api.w.org\/{rel}","templated":true}]}}