{"id":1695,"date":"2025-05-29T17:36:08","date_gmt":"2025-05-29T17:36:08","guid":{"rendered":"https:\/\/camping-resorts.auremagroup.com\/producto\/camiseta-de-manga-corta-con-cuello-redondo-para-mujer-con-estampado-de-bandera-espanola-y-corazones-top-elastico-casual-para-primavera-verano-lavable-a-maquina-moda-de-verano-diseno-diverti\/"},"modified":"2025-05-29T17:36:36","modified_gmt":"2025-05-29T17:36:36","slug":"camiseta-de-manga-corta-con-cuello-redondo-para-mujer-con-estampado-de-bandera-espanola-y-corazones-top-elastico-casual-para-primavera-verano-lavable-a-maquina-moda-de-verano-diseno-diverti","status":"publish","type":"product","link":"https:\/\/camping-resorts.auremagroup.com\/es\/producto\/camiseta-de-manga-corta-con-cuello-redondo-para-mujer-con-estampado-de-bandera-espanola-y-corazones-top-elastico-casual-para-primavera-verano-lavable-a-maquina-moda-de-verano-diseno-diverti\/","title":{"rendered":"Camiseta de Manga Corta con Cuello Redondo para Mujer con Estampado de Bandera Espa\u00f1ola y Corazones &#8211; Top El\u00e1stico Casual para Primavera &amp; Verano, Lavable a M\u00e1quina, Moda de Verano, Dise\u00f1o Divertido, Ajuste C\u00f3modo"},"content":{"rendered":"<p><img decoding=\"async\" src=\"https:\/\/img.kwcdn.com\/product\/open\/337e02c7db474b2cb74d5e05304c3144-goods.jpeg\"><img decoding=\"async\" src=\"https:\/\/img.kwcdn.com\/product\/open\/9aa08e74638f47f29faddcbc1dc31eb6-goods.jpeg\"><img decoding=\"async\" src=\"https:\/\/img.kwcdn.com\/product\/open\/16596c04ff0348068e172f9e26ca1fec-goods.jpeg\"><img decoding=\"async\" src=\"https:\/\/img.kwcdn.com\/product\/open\/f11496b32b1242539029956238d3db81-goods.jpeg\"><img decoding=\"async\" src=\"https:\/\/img.kwcdn.com\/product\/open\/3a99020c19b14c8bb8524d9046f09c98-goods.jpeg\"><\/p>\n","protected":false},"excerpt":{"rendered":"","protected":false},"featured_media":1690,"comment_status":"open","ping_status":"closed","template":"","meta":[],"product_brand":[],"product_cat":[43],"product_tag":[106,89,99,107,97,91,92,104,105,98,96,95,90,102,103,94,100,93,101],"class_list":{"0":"post-1695","1":"product","2":"type-product","3":"status-publish","4":"has-post-thumbnail","6":"product_cat-sin-categorizar","7":"product_tag-ajuste","8":"product_tag-camiseta","9":"product_tag-casual","10":"product_tag-comodo","11":"product_tag-corazones","12":"product_tag-corta","13":"product_tag-cuello","14":"product_tag-diseno","15":"product_tag-divertido","16":"product_tag-elastico","17":"product_tag-espanola","18":"product_tag-estampado","19":"product_tag-manga","20":"product_tag-maquina","21":"product_tag-moda","22":"product_tag-mujer","23":"product_tag-primavera","24":"product_tag-redondo","25":"product_tag-verano","28":"instock","29":"shipping-taxable","30":"purchasable","31":"product-type-variable","32":"product-grid-view"},"_links":{"self":[{"href":"https:\/\/camping-resorts.auremagroup.com\/es\/wp-json\/wp\/v2\/product\/1695","targetHints":{"allow":["GET"]}}],"collection":[{"href":"https:\/\/camping-resorts.auremagroup.com\/es\/wp-json\/wp\/v2\/product"}],"about":[{"href":"https:\/\/camping-resorts.auremagroup.com\/es\/wp-json\/wp\/v2\/types\/product"}],"replies":[{"embeddable":true,"href":"https:\/\/camping-resorts.auremagroup.com\/es\/wp-json\/wp\/v2\/comments?post=1695"}],"wp:featuredmedia":[{"embeddable":true,"href":"https:\/\/camping-resorts.auremagroup.com\/es\/wp-json\/wp\/v2\/media\/1690"}],"wp:attachment":[{"href":"https:\/\/camping-resorts.auremagroup.com\/es\/wp-json\/wp\/v2\/media?parent=1695"}],"wp:term":[{"taxonomy":"product_brand","embeddable":true,"href":"https:\/\/camping-resorts.auremagroup.com\/es\/wp-json\/wp\/v2\/product_brand?post=1695"},{"taxonomy":"product_cat","embeddable":true,"href":"https:\/\/camping-resorts.auremagroup.com\/es\/wp-json\/wp\/v2\/product_cat?post=1695"},{"taxonomy":"product_tag","embeddable":true,"href":"https:\/\/camping-resorts.auremagroup.com\/es\/wp-json\/wp\/v2\/product_tag?post=1695"}],"curies":[{"name":"wp","href":"https:\/\/api.w.org\/{rel}","templated":true}]}}