{"id":1539,"date":"2025-05-26T18:09:39","date_gmt":"2025-05-26T18:09:39","guid":{"rendered":"https:\/\/camping-resorts.auremagroup.com\/producto\/pulsera-de-cuero-con-bandera-de-pais-de-espana-de-alta-calidad-pulseras-y-brazaletes-de-facil-gancho-para-hombres-y-mujeres-pulseras-de-joyeria-para-hombres-y-mujeres\/"},"modified":"2025-05-26T18:10:23","modified_gmt":"2025-05-26T18:10:23","slug":"pulsera-de-cuero-con-bandera-de-pais-de-espana-de-alta-calidad-pulseras-y-brazaletes-de-facil-gancho-para-hombres-y-mujeres-pulseras-de-joyeria-para-hombres-y-mujeres","status":"publish","type":"product","link":"https:\/\/camping-resorts.auremagroup.com\/es\/producto\/pulsera-de-cuero-con-bandera-de-pais-de-espana-de-alta-calidad-pulseras-y-brazaletes-de-facil-gancho-para-hombres-y-mujeres-pulseras-de-joyeria-para-hombres-y-mujeres\/","title":{"rendered":"pulsera de cuero con bandera de pa\u00eds de Espa\u00f1a de alta calidad, Pulseras y brazaletes de f\u00e1cil gancho para hombres y mujeres, Pulseras de joyer\u00eda para hombres y mujeres"},"content":{"rendered":"<p><\/p>\n<p><\/p>\n<p>    <a href=\"https:\/\/www.aliexpress.com\/store\/top-rated-products\/1824429.html?spm=a2g0o.store_pc_saleItems.pcShopHead_6191666.3\" target=\"_blank\"><img fetchpriority=\"high\" decoding=\"async\" src=\"https:\/\/ae01.alicdn.com\/kf\/Hebba372c1e2f4cefaac4d27f3eb4f554B.jpg\" height=\"400\" width=\"960\"><\/a><\/p>\n<p>   <a href=\"https:\/\/www.aliexpress.com\/store\/sale-items\/1824429.html?spm=a2g0o.store_pc_allProduct.pcShopHead_6191666.2&amp;spm=a2g0o.store_pc_home.hotSpots_598514908.0&amp;spm=a2g0o.store_pc_home.singleImageText_6001753715398.0\" target=\"_blank\"><img decoding=\"async\" src=\"https:\/\/ae01.alicdn.com\/kf\/H3ace309fe39d472d983d63685bc16c68t.jpg\" height=\"323\" width=\"960\"><\/a><\/p>\n<p>   <a href=\"https:\/\/www.aliexpress.com\/item\/4000284526981.html?spm=a2g0o.detail.100009.3.4e0a1f64Mu5F6B&amp;gps-id=pcDetailLeftTopSell&amp;scm=1007.13482.95643.0&amp;scm_id=1007.13482.95643.0&amp;scm-url=1007.13482.95643.0&amp;pvid=59b4c6b4-f941-4b95-9dcc-4ba518b216d3&amp;_t=gps-id:pcDetailLeftTopSell,scm-url:1007.13482.95643.0,pvid:59b4c6b4-f941-4b95-9dcc-4ba518b216d3,tpp_buckets:668%230%23131923%2373_668%230%23131923%2373_668%23888%233325%2311_668%23888%233325%2311_668%232846%238110%231995_668%235811%2327173%2314_668%236421%2330822%23191_668%232717%237567%23943_668%231000022185%231000066059%230_668%236808%2332770%23137_668%233480%2315683%23920_668%232846%238110%231995_668%235811%2327173%2314_668%236421%2330822%23191_668%232717%237567%23943_668%233164%239976%23407_668%236808%2332770%23137_668%233480%2315683%23920&amp;&amp;pdp_ext_f=%7B%22scene%22:%223482%22%7D\" target=\"_blank\"><img decoding=\"async\" src=\"https:\/\/ae01.alicdn.com\/kf\/H1344ffbc575f47b68b1d8173ecaa208a2.jpg\" height=\"421\" width=\"242\"><\/a><\/p>\n<p> <a href=\"https:\/\/www.aliexpress.com\/item\/1005001736758165.html?spm=a2g0o.store_pc_allProduct.8148356.1.6a2ea795Y5kIY5\" target=\"_blank\"><img loading=\"lazy\" decoding=\"async\" src=\"https:\/\/ae01.alicdn.com\/kf\/He67ecc8869a04726a52e9d51e20680bcm.jpg\" height=\"421\" width=\"239\"><\/a><\/p>\n<p> <a href=\"https:\/\/www.aliexpress.com\/item\/1005002637032647.html?spm=a2g0o.store_pc_allProduct.8148356.43.6a2ea795pqqkUJ\" target=\"_blank\"><img loading=\"lazy\" decoding=\"async\" src=\"https:\/\/ae01.alicdn.com\/kf\/H6c9954f6dda54fdc863e49bdf96b385bk.jpg\" height=\"421\" width=\"239\"><\/a><\/p>\n<p> <a href=\"https:\/\/www.aliexpress.com\/item\/1005002460144630.html?spm=a2g0o.store_pc_allProduct.8148356.49.6a2ea795J6Civb\" target=\"_blank\"><img loading=\"lazy\" decoding=\"async\" src=\"https:\/\/ae01.alicdn.com\/kf\/Hecd8ab0ad308459dbf29cebed6ca05d0s.jpg\" height=\"421\" width=\"247\"><\/a><\/p>\n<p>   <a href=\"https:\/\/www.aliexpress.com\/item\/1005002476082385.html?spm=a2g0o.store_pc_allProduct.8148356.15.257e248ach0apE\" target=\"_blank\"><img loading=\"lazy\" decoding=\"async\" src=\"https:\/\/ae01.alicdn.com\/kf\/Hc4aad2c6d8be452e8e6270d719b72c69D.jpg\" height=\"344\" width=\"242\"><\/a><\/p>\n<p> <a href=\"https:\/\/www.aliexpress.com\/item\/1005002710484837.html?spm=a2g0o.store_pc_allProduct.8148356.55.3a546036VKGtih\" target=\"_blank\"><img loading=\"lazy\" decoding=\"async\" src=\"https:\/\/ae01.alicdn.com\/kf\/H5710f34780514b0084b56be2115725b0j.jpg\" height=\"344\" width=\"239\"><\/a><\/p>\n<p> <a href=\"https:\/\/www.aliexpress.com\/item\/1005003065330396.html?spm=a2g0o.detail.1000060.2.480b5331WiR8vx&amp;gps-id=pcDetailBottomMoreThisSeller&amp;scm=1007.13339.169870.0&amp;scm_id=1007.13339.169870.0&amp;scm-url=1007.13339.169870.0&amp;pvid=0b5cf13a-617b-414d-bea8-db1c5b5a2df4&amp;_t=gps-id:pcDetailBottomMoreThisSeller,scm-url:1007.13339.169870.0,pvid:0b5cf13a-617b-414d-bea8-db1c5b5a2df4,tpp_buckets:668#0#131923#47_668#0#131923#47_668#888#3325#11_668#888#3325#11_668#2846#8110#1995_668#5811#27173#14_668#6421#30822#191_668#2717#7567#943_668#1000022185#1000066059#0_668#6808#32770#137_668#3468#15608#123_668#2846#8110#1995_668#5811#27173#14_668#6421#30822#191_668#2717#7567#943_668#3164#9976#407_668#6808#32770#137_668#3468#15608#123&amp;&amp;pdp_ext_f={\" target=\"_blank\"><img loading=\"lazy\" decoding=\"async\" src=\"https:\/\/ae01.alicdn.com\/kf\/Hc146182af59f41cd8cee6bfdc3dfd6dbO.jpg\" height=\"344\" width=\"239\"><\/a><\/p>\n<p> <a href=\"https:\/\/www.aliexpress.com\/item\/4000040654765.html?spm=a2g0o.store_pc_allProduct.8148356.7.45ada795bwR73T\" target=\"_blank\"><img loading=\"lazy\" decoding=\"async\" src=\"https:\/\/ae01.alicdn.com\/kf\/H865b22f91f974127a0a812a2a66e4a24K.jpg\" height=\"344\" width=\"247\"><\/a><\/p>\n<\/p>\n<p><\/p>\n<p class=\"ql-align-center\"><span>Bienvenido a mi tienda<\/span><\/p>\n<p class=\"ql-align-center\"><span>Sin pedido m\u00ednimo, venta al por mayor de f\u00e1brica, buen precio<\/span><\/p>\n<p class=\"ql-align-center\"><span>Si el pedido es inferior a $180, env\u00edo gratis Correo de China o Correo de Hong Kong<\/span><\/p>\n<p class=\"ql-align-center\"><span>Si el pedido supera los $180, env\u00edo gratis DHL, EMS, Fedex<\/span><\/p>\n<p class=\"ql-align-center\"><span>descripci\u00f3n del producto<\/span><\/p>\n<p><\/p>\n<p class=\"ql-align-center\"><span>Nombre:Pulsera de cuero con cuerda y cierres de f\u00e1cil gancho<\/span><\/p>\n<p class=\"ql-align-center\"><span>Material:Cuero + aleaci\u00f3n de zinc<\/span><\/p>\n<p class=\"ql-align-center\"><span>Tama\u00f1o:21,5 CM<\/span><\/p>\n<p class=\"ql-align-center\"><span>Calidad:100% nuevo y de alta calidad<\/span><\/p>\n<p class=\"ql-align-center\"><span><img decoding=\"async\" src=\"https:\/\/ae01.alicdn.com\/kf\/HTB17hxHiL9TBuNjy1zbq6xpepXaf.jpg\"><img decoding=\"async\" src=\"https:\/\/ae01.alicdn.com\/kf\/HTB1oRFdjiOYBuNjSsD4q6zSkFXaE.jpg\"><img decoding=\"async\" src=\"https:\/\/ae01.alicdn.com\/kf\/HTB1xbdtrwmTBuNjy1Xbq6yMrVXa0.jpg\"><img decoding=\"async\" src=\"https:\/\/ae01.alicdn.com\/kf\/HTB1CsrxfRjTBKNjSZFNq6ysFXXav.jpg\"><img decoding=\"async\" src=\"https:\/\/ae01.alicdn.com\/kf\/HTB1OoTNrCtYBeNjSspaq6yOOFXaC.jpg\"><img decoding=\"async\" src=\"https:\/\/ae01.alicdn.com\/kf\/HTB1IlX3fGAoBKNjSZSyq6yHAVXao.jpg\"><img decoding=\"async\" src=\"https:\/\/ae01.alicdn.com\/kf\/HTB1LVamrx1YBuNjy1zcq6zNcXXac.jpg\"><img decoding=\"async\" src=\"https:\/\/ae01.alicdn.com\/kf\/HTB1ERJdjiOYBuNjSsD4q6zSkFXay.jpg\"><img decoding=\"async\" src=\"https:\/\/ae01.alicdn.com\/kf\/HTB1Nhl8rr1YBuNjSszeq6yblFXaA.jpg\"><img decoding=\"async\" src=\"https:\/\/ae01.alicdn.com\/kf\/HTB1vgBZrxSYBuNjSsphq6zGvVXam.jpg\"><img decoding=\"async\" src=\"https:\/\/ae01.alicdn.com\/kf\/HTB1GM0ZrxSYBuNjSsphq6zGvVXaD.jpg\"><img decoding=\"async\" src=\"https:\/\/ae01.alicdn.com\/kf\/HTB1XM4ZrxSYBuNjSsphq6zGvVXau.jpg\"><img decoding=\"async\" src=\"https:\/\/ae01.alicdn.com\/kf\/HTB11Rp3fGAoBKNjSZSyq6yHAVXaf.jpg\"><img decoding=\"async\" src=\"https:\/\/ae01.alicdn.com\/kf\/HTB12V77i8mWBuNkSndVq6AsApXaw.jpg\"><img decoding=\"async\" src=\"https:\/\/ae01.alicdn.com\/kf\/HTB17gn1i5CYBuNkHFCcq6AHtVXax.jpg\"><img decoding=\"async\" src=\"https:\/\/ae01.alicdn.com\/kf\/HTB1Vb8trwmTBuNjy1Xbq6yMrVXaq.jpg\"><img decoding=\"async\" src=\"https:\/\/ae01.alicdn.com\/kf\/HTB1RPQRi4uTBuNkHFNRq6A9qpXad.jpg\"><img decoding=\"async\" src=\"https:\/\/ae01.alicdn.com\/kf\/HTB1Fx1vrACWBuNjy0Faq6xUlXXaZ.jpg\"><img decoding=\"async\" src=\"https:\/\/ae01.alicdn.com\/kf\/HTB1q9LkfQomBKNjSZFqq6xtqVXaF.jpg\"><img decoding=\"async\" src=\"https:\/\/ae01.alicdn.com\/kf\/HTB1W0HtrCBYBeNjy0Feq6znmFXac.jpg\"><img decoding=\"async\" src=\"https:\/\/ae01.alicdn.com\/kf\/HTB1xmFdjiOYBuNjSsD4q6zSkFXaC.jpg\"><img decoding=\"async\" src=\"https:\/\/ae01.alicdn.com\/kf\/HTB1iAVSiN1YBuNjy1zcq6zNcXXa3.jpg\"><img decoding=\"async\" src=\"https:\/\/ae01.alicdn.com\/kf\/HTB1s2OpiUR1BeNjy0Fmq6z0wVXaf.jpg\"><\/span><\/p>\n<p><\/p>\n<p>window.adminAccountId=221116522;<\/p>\n","protected":false},"excerpt":{"rendered":"<p>Compra , pulsera de cuero con bandera de pa\u00eds de Espa\u00f1a de alta calidad, Pulseras y brazaletes de f\u00e1cil gancho para hombres y mujeres, Pulseras de joyer\u00eda para hombres y mujeres en Aliexpress por . Encuentre m\u00e1s productos de ,  y . \u00a1Disfruta de \u2713Env\u00edo gratuito a todo el mundo! \u2713 Venta por tiempo limitado \u2713 Devoluci\u00f3n sencilla.<\/p>\n","protected":false},"featured_media":1533,"comment_status":"open","ping_status":"closed","template":"","meta":[],"product_brand":[],"product_cat":[43],"product_tag":[62,51,48,54,52,47,50,55,56,58,60,45,61,59,49,57,46,53],"class_list":{"0":"post-1539","1":"product","2":"type-product","3":"status-publish","4":"has-post-thumbnail","6":"product_cat-sin-categorizar","7":"product_tag-aliexpress","8":"product_tag-alta","9":"product_tag-bandera","10":"product_tag-brazaletes","11":"product_tag-calidad","12":"product_tag-cuero","13":"product_tag-espana","14":"product_tag-facil","15":"product_tag-gancho","16":"product_tag-hombres","17":"product_tag-joyeria","18":"product_tag-mkendn","19":"product_tag-mujeres-2","20":"product_tag-mujeres","21":"product_tag-pais","22":"product_tag-para","23":"product_tag-pulsera","24":"product_tag-pulseras","27":"instock","28":"sale","29":"shipping-taxable","30":"purchasable","31":"product-type-variable","32":"product-grid-view"},"_links":{"self":[{"href":"https:\/\/camping-resorts.auremagroup.com\/es\/wp-json\/wp\/v2\/product\/1539","targetHints":{"allow":["GET"]}}],"collection":[{"href":"https:\/\/camping-resorts.auremagroup.com\/es\/wp-json\/wp\/v2\/product"}],"about":[{"href":"https:\/\/camping-resorts.auremagroup.com\/es\/wp-json\/wp\/v2\/types\/product"}],"replies":[{"embeddable":true,"href":"https:\/\/camping-resorts.auremagroup.com\/es\/wp-json\/wp\/v2\/comments?post=1539"}],"wp:featuredmedia":[{"embeddable":true,"href":"https:\/\/camping-resorts.auremagroup.com\/es\/wp-json\/wp\/v2\/media\/1533"}],"wp:attachment":[{"href":"https:\/\/camping-resorts.auremagroup.com\/es\/wp-json\/wp\/v2\/media?parent=1539"}],"wp:term":[{"taxonomy":"product_brand","embeddable":true,"href":"https:\/\/camping-resorts.auremagroup.com\/es\/wp-json\/wp\/v2\/product_brand?post=1539"},{"taxonomy":"product_cat","embeddable":true,"href":"https:\/\/camping-resorts.auremagroup.com\/es\/wp-json\/wp\/v2\/product_cat?post=1539"},{"taxonomy":"product_tag","embeddable":true,"href":"https:\/\/camping-resorts.auremagroup.com\/es\/wp-json\/wp\/v2\/product_tag?post=1539"}],"curies":[{"name":"wp","href":"https:\/\/api.w.org\/{rel}","templated":true}]}}