{"id":100,"date":"2023-05-09T04:08:26","date_gmt":"2023-05-09T04:08:26","guid":{"rendered":"https:\/\/camping-resorts.auremagroup.com\/?page_id=100"},"modified":"2023-06-22T13:04:42","modified_gmt":"2023-06-22T13:04:42","slug":"latest-news-blogs","status":"publish","type":"page","link":"https:\/\/camping-resorts.auremagroup.com\/es\/latest-news-blogs\/","title":{"rendered":"Latest News &#038; Blogs"},"content":{"rendered":"\t\t<div data-elementor-type=\"wp-page\" data-elementor-id=\"100\" class=\"elementor elementor-100\">\n\t\t\t\t\t\t<section class=\"elementor-section elementor-top-section elementor-element elementor-element-98e4922 elementor-section-stretched elementor-section-boxed elementor-section-height-default elementor-section-height-default\" data-id=\"98e4922\" data-element_type=\"section\" data-e-type=\"section\" data-settings=\"{&quot;stretch_section&quot;:&quot;section-stretched&quot;,&quot;wdt_bg_image&quot;:{&quot;url&quot;:&quot;&quot;,&quot;id&quot;:&quot;&quot;,&quot;size&quot;:&quot;&quot;},&quot;wdt_bg_image_widescreen&quot;:{&quot;url&quot;:&quot;&quot;,&quot;id&quot;:&quot;&quot;,&quot;size&quot;:&quot;&quot;},&quot;wdt_bg_image_laptop&quot;:{&quot;url&quot;:&quot;&quot;,&quot;id&quot;:&quot;&quot;,&quot;size&quot;:&quot;&quot;},&quot;wdt_bg_image_tablet_extra&quot;:{&quot;url&quot;:&quot;&quot;,&quot;id&quot;:&quot;&quot;,&quot;size&quot;:&quot;&quot;},&quot;wdt_bg_image_tablet&quot;:{&quot;url&quot;:&quot;&quot;,&quot;id&quot;:&quot;&quot;,&quot;size&quot;:&quot;&quot;},&quot;wdt_bg_image_mobile_extra&quot;:{&quot;url&quot;:&quot;&quot;,&quot;id&quot;:&quot;&quot;,&quot;size&quot;:&quot;&quot;},&quot;wdt_bg_image_mobile&quot;:{&quot;url&quot;:&quot;&quot;,&quot;id&quot;:&quot;&quot;,&quot;size&quot;:&quot;&quot;},&quot;wdt_bg_position&quot;:&quot;center center&quot;,&quot;wdt_animation_effect&quot;:&quot;none&quot;}\">\n\t\t\t\t\t\t<div class=\"elementor-container elementor-column-gap-no\">\n\t\t\t\t\t<div class=\"elementor-column elementor-col-100 elementor-top-column elementor-element elementor-element-c68a794\" data-id=\"c68a794\" data-element_type=\"column\" data-e-type=\"column\">\n\t\t\t<div class=\"elementor-widget-wrap elementor-element-populated\">\n\t\t\t\t\t\t<section class=\"elementor-section elementor-inner-section elementor-element elementor-element-d2af56d elementor-section-full_width elementor-section-height-default elementor-section-height-default\" data-id=\"d2af56d\" data-element_type=\"section\" data-e-type=\"section\" data-settings=\"{&quot;wdt_bg_image&quot;:{&quot;url&quot;:&quot;&quot;,&quot;id&quot;:&quot;&quot;,&quot;size&quot;:&quot;&quot;},&quot;wdt_bg_image_widescreen&quot;:{&quot;url&quot;:&quot;&quot;,&quot;id&quot;:&quot;&quot;,&quot;size&quot;:&quot;&quot;},&quot;wdt_bg_image_laptop&quot;:{&quot;url&quot;:&quot;&quot;,&quot;id&quot;:&quot;&quot;,&quot;size&quot;:&quot;&quot;},&quot;wdt_bg_image_tablet_extra&quot;:{&quot;url&quot;:&quot;&quot;,&quot;id&quot;:&quot;&quot;,&quot;size&quot;:&quot;&quot;},&quot;wdt_bg_image_tablet&quot;:{&quot;url&quot;:&quot;&quot;,&quot;id&quot;:&quot;&quot;,&quot;size&quot;:&quot;&quot;},&quot;wdt_bg_image_mobile_extra&quot;:{&quot;url&quot;:&quot;&quot;,&quot;id&quot;:&quot;&quot;,&quot;size&quot;:&quot;&quot;},&quot;wdt_bg_image_mobile&quot;:{&quot;url&quot;:&quot;&quot;,&quot;id&quot;:&quot;&quot;,&quot;size&quot;:&quot;&quot;},&quot;wdt_bg_position&quot;:&quot;center center&quot;,&quot;wdt_animation_effect&quot;:&quot;none&quot;}\">\n\t\t\t\t\t\t<div class=\"elementor-container elementor-column-gap-no\">\n\t\t\t\t\t<div class=\"elementor-column elementor-col-100 elementor-inner-column elementor-element elementor-element-476b811\" data-id=\"476b811\" data-element_type=\"column\" data-e-type=\"column\">\n\t\t\t<div class=\"elementor-widget-wrap elementor-element-populated\">\n\t\t\t\t\t\t<div class=\"elementor-element elementor-element-ea06e06 animated-fast elementor-invisible elementor-widget elementor-widget-wdt-blog-posts\" data-id=\"ea06e06\" data-element_type=\"widget\" data-e-type=\"widget\" data-settings=\"{&quot;_animation&quot;:&quot;fadeInLeft&quot;,&quot;wdt_animation_effect&quot;:&quot;none&quot;}\" data-widget_type=\"wdt-blog-posts.default\">\n\t\t\t\t<div class=\"elementor-widget-container\">\n\t\t\t\t\t<div class=\"wdt-posts-list-wrapper  \" ><div class='tpl-blog-holder  apply-isotope '><div class='grid-sizer  entry-grid-layout wdt-simple-style wdt-default-hover wdt-flash-overlay alignnone column wdt-one-half wdt-post-entry '><\/div><div class=\" entry-grid-layout wdt-simple-style wdt-default-hover wdt-flash-overlay alignnone column wdt-one-half wdt-post-entry  \"><article id=\"post-1844\" class=\"post-1844 post type-post status-publish format-standard has-post-thumbnail hentry category-uncategorized blog-entry\">\r\n\r\n\r\n\t<!-- Featured Image -->\r\n\t<div class=\"entry-thumb\">\r\n\t\t\r\n<a href=\"https:\/\/camping-resorts.auremagroup.com\/es\/la-historia-del-buho-merlin\/\" title=\"Permalink to La historia del B\u00faho Merlin\"><img fetchpriority=\"high\" decoding=\"async\" width=\"1280\" height=\"1280\" src=\"https:\/\/camping-resorts.auremagroup.com\/wp-content\/uploads\/2023\/06\/IMG-20250520-WA0006.jpg\" class=\"attachment-wdt-blog-ii-column size-wdt-blog-ii-column wp-post-image\" alt=\"\" srcset=\"https:\/\/camping-resorts.auremagroup.com\/wp-content\/uploads\/2023\/06\/IMG-20250520-WA0006.jpg 1280w, https:\/\/camping-resorts.auremagroup.com\/wp-content\/uploads\/2023\/06\/IMG-20250520-WA0006-300x300.jpg 300w, https:\/\/camping-resorts.auremagroup.com\/wp-content\/uploads\/2023\/06\/IMG-20250520-WA0006-1024x1024.jpg 1024w, https:\/\/camping-resorts.auremagroup.com\/wp-content\/uploads\/2023\/06\/IMG-20250520-WA0006-150x150.jpg 150w, https:\/\/camping-resorts.auremagroup.com\/wp-content\/uploads\/2023\/06\/IMG-20250520-WA0006-768x768.jpg 768w, https:\/\/camping-resorts.auremagroup.com\/wp-content\/uploads\/2023\/06\/IMG-20250520-WA0006-1000x1000.jpg 1000w, https:\/\/camping-resorts.auremagroup.com\/wp-content\/uploads\/2023\/06\/IMG-20250520-WA0006-100x100.jpg 100w\" sizes=\"(max-width: 1280px) 100vw, 1280px\" \/><\/a>\r\n        <\/div><!-- Featured Image --><div class=\"entry-meta-group\">\r\n<!-- Entry Date -->\r\n<div class=\"entry-date\">\r\n\t<i class=\"wdticon-calendar\"> <\/i>\r\n\tmayo 30, 2025<\/div><!-- Entry Date -->\r\n<a href=\"https:\/\/camping-resorts.auremagroup.com\/es\/la-historia-del-buho-merlin\/#respond\">0 Comment<\/a><\/div>\r\n<!-- Entry Title -->\r\n<div class=\"entry-title\">\r\n\t<h4>    \t<a href=\"https:\/\/camping-resorts.auremagroup.com\/es\/la-historia-del-buho-merlin\/\" title=\"Permalink to La historia del B\u00faho Merlin\">La historia del B\u00faho Merlin<\/a>\r\n\t<\/h4>\r\n<\/div><!-- Entry Title -->\r\n\t<div class=\"entry-body\"><p>\ud83c\udf19\u2728 \u00abMerl\u00edn, el B\u00faho Guardi\u00e1n del Amor\u00bb \u2013 Una Historia que Naci\u00f3 en Aurema\u00bb \u2728\ud83e\udd89\u2764\ufe0f...<\/p><\/div>\r\n\r\n<!-- Entry Button --><div class=\"entry-button wdt-core-button\"><a href=\"https:\/\/camping-resorts.auremagroup.com\/es\/la-historia-del-buho-merlin\/\" title=\"La historia del B\u00faho Merlin\" class=\"wdt-button\">Read More<span><svg xmlns=\"http:\/\/www.w3.org\/2000\/svg\" xmlns:xlink=\"http:\/\/www.w3.org\/1999\/xlink\" x=\"0px\" y=\"0px\" viewBox=\"0 0 100 59\" style=\"enable-background:new 0 0 100 59;\" xml:space=\"preserve\"><polygon points=\"59.9,6.1 79.4,25.7 6,25.7 6,33.3 79.4,33.3 59.9,52.9 65.3,58.2 94,29.5 65.3,0.8 \"><\/polygon><\/svg><\/span><\/a><\/div><!-- Entry Button --><\/article><\/div><div class=\" entry-grid-layout wdt-simple-style wdt-default-hover wdt-flash-overlay alignnone column wdt-one-half wdt-post-entry  \"><article id=\"post-1503\" class=\"post-1503 post type-post status-publish format-standard has-post-thumbnail hentry category-uncategorized blog-entry\">\r\n\r\n\r\n\t<!-- Featured Image -->\r\n\t<div class=\"entry-thumb\">\r\n\t\t\r\n<a href=\"https:\/\/camping-resorts.auremagroup.com\/es\/mision-y-vision-de-camping-aurema-group-resorts\/\" title=\"Permalink to Mision y visi\u00f3n de Camping Aurema Group Resorts\"><img decoding=\"async\" width=\"1280\" height=\"1280\" src=\"https:\/\/camping-resorts.auremagroup.com\/wp-content\/uploads\/2023\/06\/IMG-20250418-WA0038.jpg\" class=\"attachment-wdt-blog-ii-column size-wdt-blog-ii-column wp-post-image\" alt=\"camping aurema group resorts\" srcset=\"https:\/\/camping-resorts.auremagroup.com\/wp-content\/uploads\/2023\/06\/IMG-20250418-WA0038.jpg 1280w, https:\/\/camping-resorts.auremagroup.com\/wp-content\/uploads\/2023\/06\/IMG-20250418-WA0038-300x300.jpg 300w, https:\/\/camping-resorts.auremagroup.com\/wp-content\/uploads\/2023\/06\/IMG-20250418-WA0038-1024x1024.jpg 1024w, https:\/\/camping-resorts.auremagroup.com\/wp-content\/uploads\/2023\/06\/IMG-20250418-WA0038-150x150.jpg 150w, https:\/\/camping-resorts.auremagroup.com\/wp-content\/uploads\/2023\/06\/IMG-20250418-WA0038-768x768.jpg 768w, https:\/\/camping-resorts.auremagroup.com\/wp-content\/uploads\/2023\/06\/IMG-20250418-WA0038-1000x1000.jpg 1000w, https:\/\/camping-resorts.auremagroup.com\/wp-content\/uploads\/2023\/06\/IMG-20250418-WA0038-100x100.jpg 100w\" sizes=\"(max-width: 1280px) 100vw, 1280px\" \/><\/a>\r\n        <\/div><!-- Featured Image --><div class=\"entry-meta-group\">\r\n<!-- Entry Date -->\r\n<div class=\"entry-date\">\r\n\t<i class=\"wdticon-calendar\"> <\/i>\r\n\tmayo 26, 2025<\/div><!-- Entry Date -->\r\n<a href=\"https:\/\/camping-resorts.auremagroup.com\/es\/mision-y-vision-de-camping-aurema-group-resorts\/#respond\">0 Comment<\/a><\/div>\r\n<!-- Entry Title -->\r\n<div class=\"entry-title\">\r\n\t<h4>    \t<a href=\"https:\/\/camping-resorts.auremagroup.com\/es\/mision-y-vision-de-camping-aurema-group-resorts\/\" title=\"Permalink to Mision y visi\u00f3n de Camping Aurema Group Resorts\">Mision y visi\u00f3n de Camping Aurema Group Resorts<\/a>\r\n\t<\/h4>\r\n<\/div><!-- Entry Title -->\r\n\t<div class=\"entry-body\"><p>\ud83c\udf3f Misi\u00f3n y Visi\u00f3n \u2013 Valores que nos definen En Aurema Group Resorts, nuestra forma...<\/p><\/div>\r\n\r\n<!-- Entry Button --><div class=\"entry-button wdt-core-button\"><a href=\"https:\/\/camping-resorts.auremagroup.com\/es\/mision-y-vision-de-camping-aurema-group-resorts\/\" title=\"Mision y visi\u00f3n de Camping Aurema Group Resorts\" class=\"wdt-button\">Read More<span><svg xmlns=\"http:\/\/www.w3.org\/2000\/svg\" xmlns:xlink=\"http:\/\/www.w3.org\/1999\/xlink\" x=\"0px\" y=\"0px\" viewBox=\"0 0 100 59\" style=\"enable-background:new 0 0 100 59;\" xml:space=\"preserve\"><polygon points=\"59.9,6.1 79.4,25.7 6,25.7 6,33.3 79.4,33.3 59.9,52.9 65.3,58.2 94,29.5 65.3,0.8 \"><\/polygon><\/svg><\/span><\/a><\/div><!-- Entry Button --><\/article><\/div><div class=\" entry-grid-layout wdt-simple-style wdt-default-hover wdt-flash-overlay alignnone column wdt-one-half wdt-post-entry  \"><article id=\"post-1475\" class=\"post-1475 post type-post status-publish format-standard has-post-thumbnail hentry category-uncategorized blog-entry\">\r\n\r\n\r\n\t<!-- Featured Image -->\r\n\t<div class=\"entry-thumb\">\r\n\t\t\r\n<a href=\"https:\/\/camping-resorts.auremagroup.com\/es\/barbacoas-de-camping-aurema-group-resorts\/\" title=\"Permalink to Barbacoas de Camping Aurema Group Resorts\"><img decoding=\"async\" width=\"1080\" height=\"893\" src=\"https:\/\/camping-resorts.auremagroup.com\/wp-content\/uploads\/2023\/06\/IMG_20250526_155203.jpg\" class=\"attachment-wdt-blog-ii-column size-wdt-blog-ii-column wp-post-image\" alt=\"\" srcset=\"https:\/\/camping-resorts.auremagroup.com\/wp-content\/uploads\/2023\/06\/IMG_20250526_155203.jpg 1080w, https:\/\/camping-resorts.auremagroup.com\/wp-content\/uploads\/2023\/06\/IMG_20250526_155203-300x248.jpg 300w, https:\/\/camping-resorts.auremagroup.com\/wp-content\/uploads\/2023\/06\/IMG_20250526_155203-1024x847.jpg 1024w, https:\/\/camping-resorts.auremagroup.com\/wp-content\/uploads\/2023\/06\/IMG_20250526_155203-768x635.jpg 768w, https:\/\/camping-resorts.auremagroup.com\/wp-content\/uploads\/2023\/06\/IMG_20250526_155203-1000x827.jpg 1000w\" sizes=\"(max-width: 1080px) 100vw, 1080px\" \/><\/a>\r\n        <\/div><!-- Featured Image --><div class=\"entry-meta-group\">\r\n<!-- Entry Date -->\r\n<div class=\"entry-date\">\r\n\t<i class=\"wdticon-calendar\"> <\/i>\r\n\tmayo 26, 2025<\/div><!-- Entry Date -->\r\n<a href=\"https:\/\/camping-resorts.auremagroup.com\/es\/barbacoas-de-camping-aurema-group-resorts\/#respond\">0 Comment<\/a><\/div>\r\n<!-- Entry Title -->\r\n<div class=\"entry-title\">\r\n\t<h4>    \t<a href=\"https:\/\/camping-resorts.auremagroup.com\/es\/barbacoas-de-camping-aurema-group-resorts\/\" title=\"Permalink to Barbacoas de Camping Aurema Group Resorts\">Barbacoas de Camping Aurema Group Resorts<\/a>\r\n\t<\/h4>\r\n<\/div><!-- Entry Title -->\r\n\t<div class=\"entry-body\"><p>\ud83d\udd25 Barbacoas en Aurema Group Resorts \u2013 Vive la Experiencia de Cocinar al Aire Libre...<\/p><\/div>\r\n\r\n<!-- Entry Button --><div class=\"entry-button wdt-core-button\"><a href=\"https:\/\/camping-resorts.auremagroup.com\/es\/barbacoas-de-camping-aurema-group-resorts\/\" title=\"Barbacoas de Camping Aurema Group Resorts\" class=\"wdt-button\">Read More<span><svg xmlns=\"http:\/\/www.w3.org\/2000\/svg\" xmlns:xlink=\"http:\/\/www.w3.org\/1999\/xlink\" x=\"0px\" y=\"0px\" viewBox=\"0 0 100 59\" style=\"enable-background:new 0 0 100 59;\" xml:space=\"preserve\"><polygon points=\"59.9,6.1 79.4,25.7 6,25.7 6,33.3 79.4,33.3 59.9,52.9 65.3,58.2 94,29.5 65.3,0.8 \"><\/polygon><\/svg><\/span><\/a><\/div><!-- Entry Button --><\/article><\/div><div class=\" entry-grid-layout wdt-simple-style wdt-default-hover wdt-flash-overlay alignnone column wdt-one-half wdt-post-entry  \"><article id=\"post-1448\" class=\"post-1448 post type-post status-publish format-standard has-post-thumbnail hentry category-uncategorized blog-entry\">\r\n\r\n\r\n\t<!-- Featured Image -->\r\n\t<div class=\"entry-thumb\">\r\n\t\t\r\n<a href=\"https:\/\/camping-resorts.auremagroup.com\/es\/acerca-de-nosotros\/\" title=\"Permalink to Acerca de Nosotros\"><img loading=\"lazy\" decoding=\"async\" width=\"1280\" height=\"1280\" src=\"https:\/\/camping-resorts.auremagroup.com\/wp-content\/uploads\/2023\/06\/IMG-20250418-WA0043.jpg\" class=\"attachment-wdt-blog-ii-column size-wdt-blog-ii-column wp-post-image\" alt=\"\" srcset=\"https:\/\/camping-resorts.auremagroup.com\/wp-content\/uploads\/2023\/06\/IMG-20250418-WA0043.jpg 1280w, https:\/\/camping-resorts.auremagroup.com\/wp-content\/uploads\/2023\/06\/IMG-20250418-WA0043-300x300.jpg 300w, https:\/\/camping-resorts.auremagroup.com\/wp-content\/uploads\/2023\/06\/IMG-20250418-WA0043-1024x1024.jpg 1024w, https:\/\/camping-resorts.auremagroup.com\/wp-content\/uploads\/2023\/06\/IMG-20250418-WA0043-150x150.jpg 150w, https:\/\/camping-resorts.auremagroup.com\/wp-content\/uploads\/2023\/06\/IMG-20250418-WA0043-768x768.jpg 768w, https:\/\/camping-resorts.auremagroup.com\/wp-content\/uploads\/2023\/06\/IMG-20250418-WA0043-1000x1000.jpg 1000w, https:\/\/camping-resorts.auremagroup.com\/wp-content\/uploads\/2023\/06\/IMG-20250418-WA0043-100x100.jpg 100w\" sizes=\"(max-width: 1280px) 100vw, 1280px\" \/><\/a>\r\n        <\/div><!-- Featured Image --><div class=\"entry-meta-group\">\r\n<!-- Entry Date -->\r\n<div class=\"entry-date\">\r\n\t<i class=\"wdticon-calendar\"> <\/i>\r\n\tmayo 26, 2025<\/div><!-- Entry Date -->\r\n<a href=\"https:\/\/camping-resorts.auremagroup.com\/es\/acerca-de-nosotros\/#respond\">0 Comment<\/a><\/div>\r\n<!-- Entry Title -->\r\n<div class=\"entry-title\">\r\n\t<h4>    \t<a href=\"https:\/\/camping-resorts.auremagroup.com\/es\/acerca-de-nosotros\/\" title=\"Permalink to Acerca de Nosotros\">Acerca de Nosotros<\/a>\r\n\t<\/h4>\r\n<\/div><!-- Entry Title -->\r\n\t<div class=\"entry-body\"><p>\ud83c\udf3f Aurema Group: L\u00edder en Desarrollo Urban\u00edstico y Complejos Tur\u00edsticos Sostenibles en la Comunidad Valenciana...<\/p><\/div>\r\n\r\n<!-- Entry Button --><div class=\"entry-button wdt-core-button\"><a href=\"https:\/\/camping-resorts.auremagroup.com\/es\/acerca-de-nosotros\/\" title=\"Acerca de Nosotros\" class=\"wdt-button\">Read More<span><svg xmlns=\"http:\/\/www.w3.org\/2000\/svg\" xmlns:xlink=\"http:\/\/www.w3.org\/1999\/xlink\" x=\"0px\" y=\"0px\" viewBox=\"0 0 100 59\" style=\"enable-background:new 0 0 100 59;\" xml:space=\"preserve\"><polygon points=\"59.9,6.1 79.4,25.7 6,25.7 6,33.3 79.4,33.3 59.9,52.9 65.3,58.2 94,29.5 65.3,0.8 \"><\/polygon><\/svg><\/span><\/a><\/div><!-- Entry Button --><\/article><\/div><div class=\" entry-grid-layout wdt-simple-style wdt-default-hover wdt-flash-overlay alignnone column wdt-one-half wdt-post-entry  \"><article id=\"post-1443\" class=\"post-1443 post type-post status-publish format-standard has-post-thumbnail hentry category-uncategorized blog-entry\">\r\n\r\n\r\n\t<!-- Featured Image -->\r\n\t<div class=\"entry-thumb\">\r\n\t\t\r\n<a href=\"https:\/\/camping-resorts.auremagroup.com\/es\/trabaja-con-nosotros\/\" title=\"Permalink to Trabaja con nosotros\"><img loading=\"lazy\" decoding=\"async\" width=\"1280\" height=\"1280\" src=\"https:\/\/camping-resorts.auremagroup.com\/wp-content\/uploads\/2023\/06\/IMG-20250418-WA0036.jpg\" class=\"attachment-wdt-blog-ii-column size-wdt-blog-ii-column wp-post-image\" alt=\"\" srcset=\"https:\/\/camping-resorts.auremagroup.com\/wp-content\/uploads\/2023\/06\/IMG-20250418-WA0036.jpg 1280w, https:\/\/camping-resorts.auremagroup.com\/wp-content\/uploads\/2023\/06\/IMG-20250418-WA0036-300x300.jpg 300w, https:\/\/camping-resorts.auremagroup.com\/wp-content\/uploads\/2023\/06\/IMG-20250418-WA0036-1024x1024.jpg 1024w, https:\/\/camping-resorts.auremagroup.com\/wp-content\/uploads\/2023\/06\/IMG-20250418-WA0036-150x150.jpg 150w, https:\/\/camping-resorts.auremagroup.com\/wp-content\/uploads\/2023\/06\/IMG-20250418-WA0036-768x768.jpg 768w, https:\/\/camping-resorts.auremagroup.com\/wp-content\/uploads\/2023\/06\/IMG-20250418-WA0036-1000x1000.jpg 1000w, https:\/\/camping-resorts.auremagroup.com\/wp-content\/uploads\/2023\/06\/IMG-20250418-WA0036-100x100.jpg 100w\" sizes=\"(max-width: 1280px) 100vw, 1280px\" \/><\/a>\r\n        <\/div><!-- Featured Image --><div class=\"entry-meta-group\">\r\n<!-- Entry Date -->\r\n<div class=\"entry-date\">\r\n\t<i class=\"wdticon-calendar\"> <\/i>\r\n\tmayo 24, 2025<\/div><!-- Entry Date -->\r\n<a href=\"https:\/\/camping-resorts.auremagroup.com\/es\/trabaja-con-nosotros\/#respond\">0 Comment<\/a><\/div>\r\n<!-- Entry Title -->\r\n<div class=\"entry-title\">\r\n\t<h4>    \t<a href=\"https:\/\/camping-resorts.auremagroup.com\/es\/trabaja-con-nosotros\/\" title=\"Permalink to Trabaja con nosotros\">Trabaja con nosotros<\/a>\r\n\t<\/h4>\r\n<\/div><!-- Entry Title -->\r\n\t<div class=\"entry-body\"><p>\ud83e\udded Trabaja con Nosotros \u2013 \u00danete al Equipo de Aurema Group Resorts En Aurema Group...<\/p><\/div>\r\n\r\n<!-- Entry Button --><div class=\"entry-button wdt-core-button\"><a href=\"https:\/\/camping-resorts.auremagroup.com\/es\/trabaja-con-nosotros\/\" title=\"Trabaja con nosotros\" class=\"wdt-button\">Read More<span><svg xmlns=\"http:\/\/www.w3.org\/2000\/svg\" xmlns:xlink=\"http:\/\/www.w3.org\/1999\/xlink\" x=\"0px\" y=\"0px\" viewBox=\"0 0 100 59\" style=\"enable-background:new 0 0 100 59;\" xml:space=\"preserve\"><polygon points=\"59.9,6.1 79.4,25.7 6,25.7 6,33.3 79.4,33.3 59.9,52.9 65.3,58.2 94,29.5 65.3,0.8 \"><\/polygon><\/svg><\/span><\/a><\/div><!-- Entry Button --><\/article><\/div><div class=\" entry-grid-layout wdt-simple-style wdt-default-hover wdt-flash-overlay alignnone column wdt-one-half wdt-post-entry  \"><article id=\"post-1172\" class=\"post-1172 post type-post status-publish format-standard has-post-thumbnail hentry category-uncategorized blog-entry\">\r\n\r\n\r\n\t<!-- Featured Image -->\r\n\t<div class=\"entry-thumb\">\r\n\t\t\r\n<a href=\"https:\/\/camping-resorts.auremagroup.com\/es\/nuestra-mascota-del-camping\/\" title=\"Permalink to Nuestra Mascota del Camping\"><img loading=\"lazy\" decoding=\"async\" width=\"1024\" height=\"1024\" src=\"https:\/\/camping-resorts.auremagroup.com\/wp-content\/uploads\/2023\/06\/IMG-20250520-WA0078.jpg\" class=\"attachment-wdt-blog-ii-column size-wdt-blog-ii-column wp-post-image\" alt=\"\" srcset=\"https:\/\/camping-resorts.auremagroup.com\/wp-content\/uploads\/2023\/06\/IMG-20250520-WA0078.jpg 1024w, https:\/\/camping-resorts.auremagroup.com\/wp-content\/uploads\/2023\/06\/IMG-20250520-WA0078-300x300.jpg 300w, https:\/\/camping-resorts.auremagroup.com\/wp-content\/uploads\/2023\/06\/IMG-20250520-WA0078-150x150.jpg 150w, https:\/\/camping-resorts.auremagroup.com\/wp-content\/uploads\/2023\/06\/IMG-20250520-WA0078-768x768.jpg 768w, https:\/\/camping-resorts.auremagroup.com\/wp-content\/uploads\/2023\/06\/IMG-20250520-WA0078-1000x1000.jpg 1000w, https:\/\/camping-resorts.auremagroup.com\/wp-content\/uploads\/2023\/06\/IMG-20250520-WA0078-100x100.jpg 100w\" sizes=\"(max-width: 1024px) 100vw, 1024px\" \/><\/a>\r\n        <\/div><!-- Featured Image --><div class=\"entry-meta-group\">\r\n<!-- Entry Date -->\r\n<div class=\"entry-date\">\r\n\t<i class=\"wdticon-calendar\"> <\/i>\r\n\tmayo 20, 2025<\/div><!-- Entry Date -->\r\n<a href=\"https:\/\/camping-resorts.auremagroup.com\/es\/nuestra-mascota-del-camping\/#respond\">0 Comment<\/a><\/div>\r\n<!-- Entry Title -->\r\n<div class=\"entry-title\">\r\n\t<h4>    \t<a href=\"https:\/\/camping-resorts.auremagroup.com\/es\/nuestra-mascota-del-camping\/\" title=\"Permalink to Nuestra Mascota del Camping\">Nuestra Mascota del Camping<\/a>\r\n\t<\/h4>\r\n<\/div><!-- Entry Title -->\r\n\t<div class=\"entry-body\"><p>Merl\u00edn, el B\u00faho Aventurero: Tu Compa\u00f1ero de Exploraci\u00f3n y Descubrimiento en Aurema Group Resorts En...<\/p><\/div>\r\n\r\n<!-- Entry Button --><div class=\"entry-button wdt-core-button\"><a href=\"https:\/\/camping-resorts.auremagroup.com\/es\/nuestra-mascota-del-camping\/\" title=\"Nuestra Mascota del Camping\" class=\"wdt-button\">Read More<span><svg xmlns=\"http:\/\/www.w3.org\/2000\/svg\" xmlns:xlink=\"http:\/\/www.w3.org\/1999\/xlink\" x=\"0px\" y=\"0px\" viewBox=\"0 0 100 59\" style=\"enable-background:new 0 0 100 59;\" xml:space=\"preserve\"><polygon points=\"59.9,6.1 79.4,25.7 6,25.7 6,33.3 79.4,33.3 59.9,52.9 65.3,58.2 94,29.5 65.3,0.8 \"><\/polygon><\/svg><\/span><\/a><\/div><!-- Entry Button --><\/article><\/div><\/div><div class=\"pagination blog-pagination\"><div class=\"column one pager_wrapper\"><ul class='page-numbers'>\n\t<li><span aria-label=\"P\u00e1gina 01\" aria-current=\"page\" class=\"page-numbers current\">01<\/span><\/li>\n\t<li><a aria-label=\"P\u00e1gina 02\" class=\"page-numbers\" href=\"https:\/\/camping-resorts.auremagroup.com\/es\/wp-json\/wp\/v2\/pages\/100\/page\/2\/\">02<\/a><\/li>\n\t<li><a aria-label=\"P\u00e1gina 03\" class=\"page-numbers\" href=\"https:\/\/camping-resorts.auremagroup.com\/es\/wp-json\/wp\/v2\/pages\/100\/page\/3\/\">03<\/a><\/li>\n\t<li><a aria-label=\"P\u00e1gina 04\" class=\"page-numbers\" href=\"https:\/\/camping-resorts.auremagroup.com\/es\/wp-json\/wp\/v2\/pages\/100\/page\/4\/\">04<\/a><\/li>\n\t<li><a class=\"next page-numbers\" href=\"https:\/\/camping-resorts.auremagroup.com\/es\/wp-json\/wp\/v2\/pages\/100\/page\/2\/\">Next<span><svg xmlns=\"http:\/\/www.w3.org\/2000\/svg\" xmlns:xlink=\"http:\/\/www.w3.org\/1999\/xlink\" width=\"15\" height=\"19.093\" viewBox=\"0 0 15 19.093\">\r\n                        <defs>\r\n                          <clipPath id=\"arrow-clip-path\">\r\n                            <rect data-name=\"Rectangle 8635\" width=\"15\" height=\"19.093\" fill=\"currentcolor\"\/>\r\n                          <\/clipPath>\r\n                        <\/defs>\r\n                        <g data-name=\"Group 129833\" transform=\"translate(0)\">\r\n                          <g data-name=\"Group 24901\" transform=\"translate(0)\" clip-path=\"url(#arrow-clip-path)\">\r\n                            <path data-name=\"Path 50414\" d=\"M1.513.16A.981.981,0,0,0,.163,1.519L4.936,8.932a1.136,1.136,0,0,1,0,1.23L.163,17.574a.981.981,0,0,0,1.35,1.359L14.3,10.814a1.5,1.5,0,0,0,0-2.536Z\" transform=\"translate(0 0)\" fill=\"currentcolor\"\/>\r\n                          <\/g>\r\n                        <\/g>\r\n                      <\/svg><\/span><\/a><\/li>\n<\/ul>\n<\/div>\n<\/div><\/div>\t\t\t\t<\/div>\n\t\t\t\t<\/div>\n\t\t\t\t\t<\/div>\n\t\t<\/div>\n\t\t\t\t\t<\/div>\n\t\t<\/section>\n\t\t\t\t\t<\/div>\n\t\t<\/div>\n\t\t\t\t\t<\/div>\n\t\t<\/section>\n\t\t\t\t<\/div>\n\t\t","protected":false},"excerpt":{"rendered":"<p>13 June 2023 1 Comment The Best Hotels For Business Vacations Morbi tristique senectus et netus et malesuada. Libero volutpat sed cras ornare arcu dui. Neque&#8230; Read More 13 June 2023 1 Comment Explore Interior Design Of Hotel Lobbies Etiam erat velit scelerisque in. Curabitur vitae nunc sed velit dignissim sodales ut eu sem&#8230;. Read [&hellip;]<\/p>\n","protected":false},"author":1,"featured_media":0,"parent":0,"menu_order":0,"comment_status":"closed","ping_status":"closed","template":"","meta":{"footnotes":""},"class_list":["post-100","page","type-page","status-publish","hentry","blog-entry","format-standard"],"brizy_media":[],"_links":{"self":[{"href":"https:\/\/camping-resorts.auremagroup.com\/es\/wp-json\/wp\/v2\/pages\/100","targetHints":{"allow":["GET"]}}],"collection":[{"href":"https:\/\/camping-resorts.auremagroup.com\/es\/wp-json\/wp\/v2\/pages"}],"about":[{"href":"https:\/\/camping-resorts.auremagroup.com\/es\/wp-json\/wp\/v2\/types\/page"}],"author":[{"embeddable":true,"href":"https:\/\/camping-resorts.auremagroup.com\/es\/wp-json\/wp\/v2\/users\/1"}],"replies":[{"embeddable":true,"href":"https:\/\/camping-resorts.auremagroup.com\/es\/wp-json\/wp\/v2\/comments?post=100"}],"version-history":[{"count":0,"href":"https:\/\/camping-resorts.auremagroup.com\/es\/wp-json\/wp\/v2\/pages\/100\/revisions"}],"wp:attachment":[{"href":"https:\/\/camping-resorts.auremagroup.com\/es\/wp-json\/wp\/v2\/media?parent=100"}],"curies":[{"name":"wp","href":"https:\/\/api.w.org\/{rel}","templated":true}]}}