{"id":1839,"date":"2025-05-29T18:00:26","date_gmt":"2025-05-29T18:00:26","guid":{"rendered":"https:\/\/camping-resorts.auremagroup.com\/producto\/bandera-nacional-espanola-poliester-duradero-resistente-al-desvanecimiento-banderin-espanol-para-celebraciones-decoracion-exterior-colgante-de-pared-disponible-en-tamanos-de-3x5ft-90x150cm-y\/"},"modified":"2025-05-29T18:00:35","modified_gmt":"2025-05-29T18:00:35","slug":"bandera-nacional-espanola-poliester-duradero-resistente-al-desvanecimiento-banderin-espanol-para-celebraciones-decoracion-exterior-colgante-de-pared-disponible-en-tamanos-de-3x5ft-90x150cm-y","status":"publish","type":"product","link":"https:\/\/camping-resorts.auremagroup.com\/en\/producto\/bandera-nacional-espanola-poliester-duradero-resistente-al-desvanecimiento-banderin-espanol-para-celebraciones-decoracion-exterior-colgante-de-pared-disponible-en-tamanos-de-3x5ft-90x150cm-y\/","title":{"rendered":"Bandera Nacional Espa\u00f1ola &#8211; Poli\u00e9ster Duradero, Resistente al Desvanecimiento, Bander\u00edn Espa\u00f1ol para Celebraciones, Decoraci\u00f3n Exterior, Colgante de Pared &#8211; Disponible en Tama\u00f1os de 3x5ft (90x150cm) y 2x3ft (60x90cm), Banderas Grandes, ESP ES"},"content":{"rendered":"<p><img decoding=\"async\" src=\"https:\/\/img.kwcdn.com\/product\/Fancyalgo\/VirtualModelMatting\/23ca0601599262ae559962d25f480ff8.jpg\"><img decoding=\"async\" src=\"https:\/\/img.kwcdn.com\/product\/Fancyalgo\/VirtualModelMatting\/33729259004bae330989808a92d21196.jpg\"><img decoding=\"async\" src=\"https:\/\/img.kwcdn.com\/product\/enhanced_images\/52041f1df9fa7c658983e158a1aa2a90_enhanced_e9643048_2023_04_25_15_09_11.jpg\"><img decoding=\"async\" src=\"https:\/\/img.kwcdn.com\/product\/enhanced_images\/3adec9a002dfe45e34b509165edb68a1_enhanced_3aea0438_2023_04_25_15_09_11.jpg\"><img decoding=\"async\" src=\"https:\/\/img.kwcdn.com\/product\/enhanced_images\/056a0224d2c7d6d41c83568e71522c7d_enhanced_61989c84_2023_04_25_15_09_11.jpg\"><img decoding=\"async\" src=\"https:\/\/img.kwcdn.com\/product\/Fancyalgo\/VirtualModelMatting\/dcbacfb2a8cd6319812149d58648caf5.jpg\"><\/p>\n","protected":false},"excerpt":{"rendered":"","protected":false},"featured_media":1832,"comment_status":"open","ping_status":"closed","template":"","meta":[],"product_brand":[],"product_cat":[43],"product_tag":[212,210,211,209,202,203,205,201,207,204,213,199,206,200,208],"class_list":{"0":"post-1839","1":"product","2":"type-product","3":"status-publish","4":"has-post-thumbnail","6":"product_cat-sin-categorizar","7":"product_tag-60x90cm","8":"product_tag-90x150cm","9":"product_tag-2x3ft","10":"product_tag-3x5ft","11":"product_tag-banderin","12":"product_tag-celebraciones","13":"product_tag-colgante","14":"product_tag-desvanecimiento","15":"product_tag-disponible","16":"product_tag-exterior","17":"product_tag-grandes","18":"product_tag-nacional","19":"product_tag-pared","20":"product_tag-resistente","21":"product_tag-tamanos","24":"instock","25":"shipping-taxable","26":"purchasable","27":"product-type-variable","28":"product-grid-view"},"_links":{"self":[{"href":"https:\/\/camping-resorts.auremagroup.com\/en\/wp-json\/wp\/v2\/product\/1839","targetHints":{"allow":["GET"]}}],"collection":[{"href":"https:\/\/camping-resorts.auremagroup.com\/en\/wp-json\/wp\/v2\/product"}],"about":[{"href":"https:\/\/camping-resorts.auremagroup.com\/en\/wp-json\/wp\/v2\/types\/product"}],"replies":[{"embeddable":true,"href":"https:\/\/camping-resorts.auremagroup.com\/en\/wp-json\/wp\/v2\/comments?post=1839"}],"wp:featuredmedia":[{"embeddable":true,"href":"https:\/\/camping-resorts.auremagroup.com\/en\/wp-json\/wp\/v2\/media\/1832"}],"wp:attachment":[{"href":"https:\/\/camping-resorts.auremagroup.com\/en\/wp-json\/wp\/v2\/media?parent=1839"}],"wp:term":[{"taxonomy":"product_brand","embeddable":true,"href":"https:\/\/camping-resorts.auremagroup.com\/en\/wp-json\/wp\/v2\/product_brand?post=1839"},{"taxonomy":"product_cat","embeddable":true,"href":"https:\/\/camping-resorts.auremagroup.com\/en\/wp-json\/wp\/v2\/product_cat?post=1839"},{"taxonomy":"product_tag","embeddable":true,"href":"https:\/\/camping-resorts.auremagroup.com\/en\/wp-json\/wp\/v2\/product_tag?post=1839"}],"curies":[{"name":"wp","href":"https:\/\/api.w.org\/{rel}","templated":true}]}}