{"id":1785,"date":"2025-05-29T17:48:02","date_gmt":"2025-05-29T17:48:02","guid":{"rendered":"https:\/\/camping-resorts.auremagroup.com\/producto\/toalla-de-cocina-recuerdo-espanol-1-pieza-45-72x66-04-cm-diseno-de-bailarin-flamenca-toro-y-siguiente-parada-espana-poliester-ultra-suave-lavable-en-maquina-regalo-de-viaje-por-espana-dec\/"},"modified":"2025-05-29T17:48:05","modified_gmt":"2025-05-29T17:48:05","slug":"toalla-de-cocina-recuerdo-espanol-1-pieza-45-72x66-04-cm-diseno-de-bailarin-flamenca-toro-y-siguiente-parada-espana-poliester-ultra-suave-lavable-en-maquina-regalo-de-viaje-por-espana-dec","status":"publish","type":"product","link":"https:\/\/camping-resorts.auremagroup.com\/en\/producto\/toalla-de-cocina-recuerdo-espanol-1-pieza-45-72x66-04-cm-diseno-de-bailarin-flamenca-toro-y-siguiente-parada-espana-poliester-ultra-suave-lavable-en-maquina-regalo-de-viaje-por-espana-dec\/","title":{"rendered":"Toalla de Cocina Recuerdo Espa\u00f1ol 1 pieza 45.72&#215;66.04 cm &#8211; Dise\u00f1o de Bailar\u00edn Flamenca, Toro y &#8220;SIGUIENTE PARADA ESPA\u00d1A&#8221; &#8211; Poli\u00e9ster Ultra Suave, Lavable en M\u00e1quina &#8211; Regalo de Viaje por Espa\u00f1a, Decoraci\u00f3n para Cocina y Comedor, Patr\u00f3n Festivo"},"content":{"rendered":"<p><img decoding=\"async\" src=\"https:\/\/img.kwcdn.com\/product\/open\/506e566567674bc782890c5dce0277c0-goods.jpeg\"><img decoding=\"async\" src=\"https:\/\/img.kwcdn.com\/product\/open\/660f1f1f46ba489e8b0b42fda2d4582d-goods.jpeg\"><\/p>\n","protected":false},"excerpt":{"rendered":"","protected":false},"featured_media":1773,"comment_status":"open","ping_status":"closed","template":"","meta":[],"product_brand":[],"product_cat":[43],"product_tag":[143,139,140,137,152,151,145,138,154,141,149,144,153,146,148,136,142,147,150],"class_list":{"0":"post-1785","1":"product","2":"type-product","3":"status-publish","4":"has-post-thumbnail","6":"product_cat-sin-categorizar","7":"product_tag-siguiente","8":"product_tag-45-72x66-04","9":"product_tag-bailarin","10":"product_tag-cocina","11":"product_tag-comedor","12":"product_tag-decoracion","13":"product_tag-espana-3","14":"product_tag-espanol","15":"product_tag-festivo","16":"product_tag-flamenca","17":"product_tag-maquina-2","18":"product_tag-parada","19":"product_tag-patron","20":"product_tag-poliester-2","21":"product_tag-suave","22":"product_tag-toalla","23":"product_tag-toro","24":"product_tag-ultra","25":"product_tag-viaje","28":"outofstock","29":"shipping-taxable","30":"product-type-variable","31":"product-grid-view"},"_links":{"self":[{"href":"https:\/\/camping-resorts.auremagroup.com\/en\/wp-json\/wp\/v2\/product\/1785","targetHints":{"allow":["GET"]}}],"collection":[{"href":"https:\/\/camping-resorts.auremagroup.com\/en\/wp-json\/wp\/v2\/product"}],"about":[{"href":"https:\/\/camping-resorts.auremagroup.com\/en\/wp-json\/wp\/v2\/types\/product"}],"replies":[{"embeddable":true,"href":"https:\/\/camping-resorts.auremagroup.com\/en\/wp-json\/wp\/v2\/comments?post=1785"}],"wp:featuredmedia":[{"embeddable":true,"href":"https:\/\/camping-resorts.auremagroup.com\/en\/wp-json\/wp\/v2\/media\/1773"}],"wp:attachment":[{"href":"https:\/\/camping-resorts.auremagroup.com\/en\/wp-json\/wp\/v2\/media?parent=1785"}],"wp:term":[{"taxonomy":"product_brand","embeddable":true,"href":"https:\/\/camping-resorts.auremagroup.com\/en\/wp-json\/wp\/v2\/product_brand?post=1785"},{"taxonomy":"product_cat","embeddable":true,"href":"https:\/\/camping-resorts.auremagroup.com\/en\/wp-json\/wp\/v2\/product_cat?post=1785"},{"taxonomy":"product_tag","embeddable":true,"href":"https:\/\/camping-resorts.auremagroup.com\/en\/wp-json\/wp\/v2\/product_tag?post=1785"}],"curies":[{"name":"wp","href":"https:\/\/api.w.org\/{rel}","templated":true}]}}