{"id":1769,"date":"2025-05-29T17:42:16","date_gmt":"2025-05-29T17:42:16","guid":{"rendered":"https:\/\/camping-resorts.auremagroup.com\/producto\/1-pieza-de-bolso-de-lona-de-esencia-de-espana-elegante-bolso-de-mano-cruzado-con-iconos-espanoles-vibrantes-diseno-ligero-y-duradero-regalo-perfecto-para-graduaciones-y-maestros-bolso-de-uso-diar\/"},"modified":"2025-05-29T17:42:22","modified_gmt":"2025-05-29T17:42:22","slug":"1-pieza-de-bolso-de-lona-de-esencia-de-espana-elegante-bolso-de-mano-cruzado-con-iconos-espanoles-vibrantes-diseno-ligero-y-duradero-regalo-perfecto-para-graduaciones-y-maestros-bolso-de-uso-diar","status":"publish","type":"product","link":"https:\/\/camping-resorts.auremagroup.com\/en\/producto\/1-pieza-de-bolso-de-lona-de-esencia-de-espana-elegante-bolso-de-mano-cruzado-con-iconos-espanoles-vibrantes-diseno-ligero-y-duradero-regalo-perfecto-para-graduaciones-y-maestros-bolso-de-uso-diar\/","title":{"rendered":"1 pieza de bolso de lona de esencia de Espa\u00f1a &#8211; Elegante bolso de mano cruzado con iconos espa\u00f1oles vibrantes, dise\u00f1o ligero y duradero, regalo perfecto para graduaciones y maestros, bolso de uso diario | Dise\u00f1o vibrante de bolso | Lona ligera"},"content":{"rendered":"<p><img decoding=\"async\" src=\"https:\/\/img.kwcdn.com\/product\/fancy\/42f44fee-cc54-4536-8ce4-7bb0dddda0e8.jpg\"><img decoding=\"async\" src=\"https:\/\/img.kwcdn.com\/product\/fancy\/d3193f01-4064-459a-a2cb-1de3d611d0af.jpg\"><img decoding=\"async\" src=\"https:\/\/img.kwcdn.com\/product\/fancy\/aab9da9b-5cc6-4fc3-b6a6-9ea7b1988d70.jpg\"><img decoding=\"async\" src=\"https:\/\/img.kwcdn.com\/product\/fancy\/92e73dc3-1ff2-4a63-be8f-2b93d5861634.jpg\"><img decoding=\"async\" src=\"https:\/\/img.kwcdn.com\/product\/fancy\/7f1542b8-cf90-44f7-9abe-0e8e1ec2556b.jpg\"><img decoding=\"async\" src=\"https:\/\/img.kwcdn.com\/product\/fancy\/a4db2e25-2cb6-4667-8516-4259c4ffae55.jpg\"><img decoding=\"async\" src=\"https:\/\/img.kwcdn.com\/product\/fancy\/02c74882-536a-4422-8e60-f78eee7a0afd.jpg\"><img decoding=\"async\" src=\"https:\/\/img.kwcdn.com\/product\/fancy\/2cc5e4cc-536b-4b60-a835-1ade80b8a893.jpg\"><img decoding=\"async\" src=\"https:\/\/img.kwcdn.com\/product\/fancy\/b5f3b1ff-7522-4a95-9225-d78686929e26.jpg\"><img decoding=\"async\" src=\"https:\/\/img.kwcdn.com\/product\/fancy\/8d20c284-f0d8-4a2c-bcc6-0ea4a69caa9d.jpg\"><\/p>\n","protected":false},"excerpt":{"rendered":"","protected":false},"featured_media":1758,"comment_status":"open","ping_status":"closed","template":"","meta":[],"product_brand":[],"product_cat":[43],"product_tag":[120,125,134,130,123,122,127,132,126,129,121,133,124,131,119,135,128],"class_list":{"0":"post-1769","1":"product","2":"type-product","3":"status-publish","4":"has-post-thumbnail","6":"product_cat-sin-categorizar","7":"product_tag-bolso","8":"product_tag-cruzado","9":"product_tag-diario","10":"product_tag-duradero","11":"product_tag-elegante","12":"product_tag-esencia","13":"product_tag-espanoles","14":"product_tag-graduaciones","15":"product_tag-iconos","16":"product_tag-ligero","17":"product_tag-lona","18":"product_tag-maestros","19":"product_tag-mano-2","20":"product_tag-perfecto","21":"product_tag-pieza-2","22":"product_tag-vibrante","23":"product_tag-vibrantes","26":"instock","27":"shipping-taxable","28":"purchasable","29":"product-type-variable","30":"product-grid-view"},"_links":{"self":[{"href":"https:\/\/camping-resorts.auremagroup.com\/en\/wp-json\/wp\/v2\/product\/1769","targetHints":{"allow":["GET"]}}],"collection":[{"href":"https:\/\/camping-resorts.auremagroup.com\/en\/wp-json\/wp\/v2\/product"}],"about":[{"href":"https:\/\/camping-resorts.auremagroup.com\/en\/wp-json\/wp\/v2\/types\/product"}],"replies":[{"embeddable":true,"href":"https:\/\/camping-resorts.auremagroup.com\/en\/wp-json\/wp\/v2\/comments?post=1769"}],"wp:featuredmedia":[{"embeddable":true,"href":"https:\/\/camping-resorts.auremagroup.com\/en\/wp-json\/wp\/v2\/media\/1758"}],"wp:attachment":[{"href":"https:\/\/camping-resorts.auremagroup.com\/en\/wp-json\/wp\/v2\/media?parent=1769"}],"wp:term":[{"taxonomy":"product_brand","embeddable":true,"href":"https:\/\/camping-resorts.auremagroup.com\/en\/wp-json\/wp\/v2\/product_brand?post=1769"},{"taxonomy":"product_cat","embeddable":true,"href":"https:\/\/camping-resorts.auremagroup.com\/en\/wp-json\/wp\/v2\/product_cat?post=1769"},{"taxonomy":"product_tag","embeddable":true,"href":"https:\/\/camping-resorts.auremagroup.com\/en\/wp-json\/wp\/v2\/product_tag?post=1769"}],"curies":[{"name":"wp","href":"https:\/\/api.w.org\/{rel}","templated":true}]}}