{"id":1716,"date":"2025-05-29T17:38:30","date_gmt":"2025-05-29T17:38:30","guid":{"rendered":"https:\/\/camping-resorts.auremagroup.com\/producto\/camiseta-de-manga-corta-con-cuello-redondo-y-estampado-de-la-bandera-de-espana-para-hombre-tejido-de-punto-de-poliester-corte-regular-ligera-elasticidad-estilo-casual-urbano-con-diseno-patriotico\/"},"modified":"2025-05-29T17:40:20","modified_gmt":"2025-05-29T17:40:20","slug":"camiseta-de-manga-corta-con-cuello-redondo-y-estampado-de-la-bandera-de-espana-para-hombre-tejido-de-punto-de-poliester-corte-regular-ligera-elasticidad-estilo-casual-urbano-con-diseno-patriotico","status":"publish","type":"product","link":"https:\/\/camping-resorts.auremagroup.com\/en\/producto\/camiseta-de-manga-corta-con-cuello-redondo-y-estampado-de-la-bandera-de-espana-para-hombre-tejido-de-punto-de-poliester-corte-regular-ligera-elasticidad-estilo-casual-urbano-con-diseno-patriotico\/","title":{"rendered":"Camiseta de manga corta con cuello redondo y estampado de la bandera de Espa\u00f1a para hombre, tejido de punto de poli\u00e9ster, corte regular, ligera elasticidad, estilo casual urbano con dise\u00f1o patri\u00f3tico para camiseta de verano para adultos."},"content":{"rendered":"<p><img decoding=\"async\" src=\"https:\/\/img.kwcdn.com\/product\/fancy\/5295fd9b-5898-4a73-b1a8-6ac841cd0cd7.jpg\"><img decoding=\"async\" src=\"https:\/\/img.kwcdn.com\/product\/fancy\/81db9da6-9ff6-490b-85d9-7d5bf8f7cc63.jpg\"><img decoding=\"async\" src=\"https:\/\/img.kwcdn.com\/product\/fancy\/b285ed34-9ee8-4f83-9aba-0a20182a9e2f.jpg\"><img decoding=\"async\" src=\"https:\/\/img.kwcdn.com\/product\/fancy\/e4c96014-c248-49c2-b9d9-54805e544519.jpg\"><img decoding=\"async\" src=\"https:\/\/img.kwcdn.com\/product\/fancy\/a55da73e-0e9a-4cff-87f4-216903030e23.jpg\"><img decoding=\"async\" src=\"https:\/\/img.kwcdn.com\/product\/fancy\/3584e76a-7a2d-42fd-ae0b-1a4d3e0b0945.jpg\"><img decoding=\"async\" src=\"https:\/\/img.kwcdn.com\/product\/fancy\/c624b051-a96a-4d0c-abca-233001f96c42.jpg\"><img decoding=\"async\" src=\"https:\/\/img.kwcdn.com\/product\/fancy\/6bf54196-0bdd-438d-a001-fcf094cdce17.jpg\"><img decoding=\"async\" src=\"https:\/\/img.kwcdn.com\/product\/fancy\/8633c36b-18b8-4829-a577-9f52b2f718e5.jpg\"><img decoding=\"async\" src=\"https:\/\/img.kwcdn.com\/product\/fancy\/d39c8536-6362-4305-bc6b-dbd7b86412ae.jpg\"><img decoding=\"async\" src=\"https:\/\/img.kwcdn.com\/product\/fancy\/08ecc7c8-c951-4483-8575-5cd52d7f69a6.jpg\"><img decoding=\"async\" src=\"https:\/\/img.kwcdn.com\/product\/fancy\/1ba32e3b-7b3c-472e-a1e5-77335cffce28.jpg\"><img decoding=\"async\" src=\"https:\/\/img.kwcdn.com\/product\/fancy\/5496e386-fd51-4449-a834-5475e673c2e8.jpg\"><img decoding=\"async\" src=\"https:\/\/img.kwcdn.com\/product\/fancy\/0021b6e9-e6c1-4a37-9798-d5e90a1a24fe.jpg\"><img decoding=\"async\" src=\"https:\/\/img.kwcdn.com\/product\/fancy\/738d1989-9681-4843-9a45-091f0f0fa0a2.jpg\"><img decoding=\"async\" src=\"https:\/\/img.kwcdn.com\/product\/fancy\/9fb017fb-834a-4831-93e9-47e25b02cbd6.jpg\"><img decoding=\"async\" src=\"https:\/\/img.kwcdn.com\/product\/fancy\/8143b52e-6067-4a9f-9616-f4645745a9d8.jpg\"><img decoding=\"async\" src=\"https:\/\/img.kwcdn.com\/product\/fancy\/8f74cdbb-7401-4ea9-a0c1-d14269004274.jpg\"><img decoding=\"async\" src=\"https:\/\/img.kwcdn.com\/product\/fancy\/239d57db-1979-4436-a763-418a40572c6f.jpg\"><img decoding=\"async\" src=\"https:\/\/img.kwcdn.com\/product\/fancy\/2e660214-e7a8-4f8a-9f33-4cf391bfa1f2.jpg\"><img decoding=\"async\" src=\"https:\/\/img.kwcdn.com\/product\/fancy\/d0956f39-a12f-41f0-982a-3768c87be41f.jpg\"><img decoding=\"async\" src=\"https:\/\/img.kwcdn.com\/product\/fancy\/8650ca45-afe2-4a4e-b273-935b91880b5b.jpg\"><img decoding=\"async\" src=\"https:\/\/img.kwcdn.com\/product\/fancy\/a40e9805-95fe-40dd-a763-7ce4077181d2.jpg\"><img decoding=\"async\" src=\"https:\/\/img.kwcdn.com\/product\/fancy\/32e4ab56-f10b-4730-af4c-f045fc162735.jpg\"><img decoding=\"async\" src=\"https:\/\/img.kwcdn.com\/product\/fancy\/39d1b01e-8b7f-410e-94c9-739f47783eed.jpg\"><\/p>\n","protected":false},"excerpt":{"rendered":"","protected":false},"featured_media":1706,"comment_status":"open","ping_status":"closed","template":"","meta":[],"product_brand":[],"product_cat":[43],"product_tag":[118,112,115,108,114,116,111,110,113,109,117],"class_list":{"0":"post-1716","1":"product","2":"type-product","3":"status-publish","4":"has-post-thumbnail","6":"product_cat-sin-categorizar","7":"product_tag-adultos","8":"product_tag-corte","9":"product_tag-elasticidad","10":"product_tag-hombre","11":"product_tag-ligera","12":"product_tag-patriotico","13":"product_tag-poliester","14":"product_tag-punto","15":"product_tag-regular","16":"product_tag-tejido","17":"product_tag-verano-2","20":"instock","21":"shipping-taxable","22":"purchasable","23":"product-type-variable","24":"product-grid-view"},"_links":{"self":[{"href":"https:\/\/camping-resorts.auremagroup.com\/en\/wp-json\/wp\/v2\/product\/1716","targetHints":{"allow":["GET"]}}],"collection":[{"href":"https:\/\/camping-resorts.auremagroup.com\/en\/wp-json\/wp\/v2\/product"}],"about":[{"href":"https:\/\/camping-resorts.auremagroup.com\/en\/wp-json\/wp\/v2\/types\/product"}],"replies":[{"embeddable":true,"href":"https:\/\/camping-resorts.auremagroup.com\/en\/wp-json\/wp\/v2\/comments?post=1716"}],"wp:featuredmedia":[{"embeddable":true,"href":"https:\/\/camping-resorts.auremagroup.com\/en\/wp-json\/wp\/v2\/media\/1706"}],"wp:attachment":[{"href":"https:\/\/camping-resorts.auremagroup.com\/en\/wp-json\/wp\/v2\/media?parent=1716"}],"wp:term":[{"taxonomy":"product_brand","embeddable":true,"href":"https:\/\/camping-resorts.auremagroup.com\/en\/wp-json\/wp\/v2\/product_brand?post=1716"},{"taxonomy":"product_cat","embeddable":true,"href":"https:\/\/camping-resorts.auremagroup.com\/en\/wp-json\/wp\/v2\/product_cat?post=1716"},{"taxonomy":"product_tag","embeddable":true,"href":"https:\/\/camping-resorts.auremagroup.com\/en\/wp-json\/wp\/v2\/product_tag?post=1716"}],"curies":[{"name":"wp","href":"https:\/\/api.w.org\/{rel}","templated":true}]}}