{"id":1671,"date":"2025-05-29T17:33:02","date_gmt":"2025-05-29T17:33:02","guid":{"rendered":"https:\/\/camping-resorts.auremagroup.com\/producto\/gorra-de-beisbol-con-bandera-de-espana-nueva-1-pieza-ajustable-para-hombres-y-mujeres-lavable-a-mano-deportes-al-aire-libre-senderismo-correr-estilo-urbano\/"},"modified":"2025-05-29T17:33:20","modified_gmt":"2025-05-29T17:33:20","slug":"gorra-de-beisbol-con-bandera-de-espana-nueva-1-pieza-ajustable-para-hombres-y-mujeres-lavable-a-mano-deportes-al-aire-libre-senderismo-correr-estilo-urbano","status":"publish","type":"product","link":"https:\/\/camping-resorts.auremagroup.com\/en\/producto\/gorra-de-beisbol-con-bandera-de-espana-nueva-1-pieza-ajustable-para-hombres-y-mujeres-lavable-a-mano-deportes-al-aire-libre-senderismo-correr-estilo-urbano\/","title":{"rendered":"Gorra de B\u00e9isbol con Bandera de Espa\u00f1a Nueva, 1 Pieza, Ajustable para Hombres y Mujeres, Lavable a Mano, Deportes al Aire Libre, Senderismo, Correr, Estilo Urbano"},"content":{"rendered":"<p>Composici\u00f3n del material: Contenido de material textil \u226580% Metodo de Tejido:Tejido Instrucciones de cuidado: Lavar a mano o limpieza en seco profesional Tipo: Otro, Salida: Color: N\u00famero de Productos: 1 Composici\u00f3n: 100% Poli\u00e9ster ID del art\u00edculo: WY1099130 Origen: Guangdong, China<\/p>\n<p><img decoding=\"async\" src=\"https:\/\/img.kwcdn.com\/product\/open\/69537f53b40d46c98f133223edb173ef-goods.jpeg\"><\/p>\n","protected":false},"excerpt":{"rendered":"<p>Composici\u00f3n del material: Contenido de material textil \u226580% Metodo de Tejido:Tejido Instrucciones de cuidado: Lavar a mano o limpieza en seco profesional Tipo: Otro, Salida: Color: N\u00famero de Productos: 1 Composici\u00f3n: 100% Poli\u00e9ster ID del art\u00edculo: WY1099130 Origen: Guangdong, China<\/p>\n","protected":false},"featured_media":1652,"comment_status":"open","ping_status":"closed","template":"","meta":[],"product_brand":[],"product_cat":[43],"product_tag":[83,79,76,86,82,87,75,80,84,81,77,78,85,88],"class_list":{"0":"post-1671","1":"product","2":"type-product","3":"status-publish","4":"has-post-thumbnail","6":"product_cat-sin-categorizar","7":"product_tag-aire","8":"product_tag-ajustable-2","9":"product_tag-beisbol","10":"product_tag-correr","11":"product_tag-deportes","12":"product_tag-estilo","13":"product_tag-gorra","14":"product_tag-lavable","15":"product_tag-libre","16":"product_tag-mano","17":"product_tag-nueva","18":"product_tag-pieza","19":"product_tag-senderismo","20":"product_tag-urbano","23":"instock","24":"shipping-taxable","25":"purchasable","26":"product-type-variable","27":"product-grid-view"},"_links":{"self":[{"href":"https:\/\/camping-resorts.auremagroup.com\/en\/wp-json\/wp\/v2\/product\/1671","targetHints":{"allow":["GET"]}}],"collection":[{"href":"https:\/\/camping-resorts.auremagroup.com\/en\/wp-json\/wp\/v2\/product"}],"about":[{"href":"https:\/\/camping-resorts.auremagroup.com\/en\/wp-json\/wp\/v2\/types\/product"}],"replies":[{"embeddable":true,"href":"https:\/\/camping-resorts.auremagroup.com\/en\/wp-json\/wp\/v2\/comments?post=1671"}],"wp:featuredmedia":[{"embeddable":true,"href":"https:\/\/camping-resorts.auremagroup.com\/en\/wp-json\/wp\/v2\/media\/1652"}],"wp:attachment":[{"href":"https:\/\/camping-resorts.auremagroup.com\/en\/wp-json\/wp\/v2\/media?parent=1671"}],"wp:term":[{"taxonomy":"product_brand","embeddable":true,"href":"https:\/\/camping-resorts.auremagroup.com\/en\/wp-json\/wp\/v2\/product_brand?post=1671"},{"taxonomy":"product_cat","embeddable":true,"href":"https:\/\/camping-resorts.auremagroup.com\/en\/wp-json\/wp\/v2\/product_cat?post=1671"},{"taxonomy":"product_tag","embeddable":true,"href":"https:\/\/camping-resorts.auremagroup.com\/en\/wp-json\/wp\/v2\/product_tag?post=1671"}],"curies":[{"name":"wp","href":"https:\/\/api.w.org\/{rel}","templated":true}]}}